{"id":203,"date":"2024-03-12T17:12:22","date_gmt":"2024-03-12T16:12:22","guid":{"rendered":"https:\/\/www.hotel-saint-paul.net\/chambres\/chambre-double-standard-tradition-bois\/"},"modified":"2024-07-09T15:38:29","modified_gmt":"2024-07-09T13:38:29","slug":"chambre-double-standard-tradition-bois","status":"publish","type":"page","link":"https:\/\/www.hotel-saint-paul.net\/en\/chambres\/chambre-double-standard-tradition-bois\/","title":{"rendered":"Standard-rate double room<br \/>wood tradition"},"content":{"rendered":"<p style=\"text-align: center;\">Standard-rate room without balcony with a view over the Bois de la Chaize and the street (quiet street), less luminous and less spacious. The hotel has 12 double rooms on the side of the Bois de la Chaize, spread out over the 1rst and 2nd floors (no elevator).<\/p>\n","protected":false},"excerpt":{"rendered":"<p>Standard-rate room without balcony with a view over the Bois de la Chaize and the street (quiet street), less luminous and less spacious. The hotel has 12 double rooms on the side of the Bois de la Chaize, spread out over the 1rst and 2nd floors (no elevator).<\/p>\n","protected":false},"author":25,"featured_media":0,"parent":199,"menu_order":20,"comment_status":"closed","ping_status":"closed","template":"template-single-room.php","meta":{"footnotes":""},"class_list":["post-203","page","type-page","status-publish","hentry"],"yoast_head":"<!-- This site is optimized with the Yoast SEO plugin v27.3 - https:\/\/yoast.com\/product\/yoast-seo-wordpress\/ -->\n<title>H\u00f4tel Noirmoutier - Chambre Double vue Bois | H\u00f4tel Saint Paul<\/title>\n<meta name=\"description\" content=\"D\u00e9couvrez les 12 chambres doubles standard avec vue sur le bois de l&#039;H\u00f4tel Saint Paul sur l&#039;Ile de Noirmoutier. H\u00e9bergement de charme seul ou \u00e0 2, loisirs ou affaires.\" \/>\n<meta name=\"robots\" content=\"index, follow, max-snippet:-1, max-image-preview:large, max-video-preview:-1\" \/>\n<link rel=\"canonical\" href=\"https:\/\/www.hotel-saint-paul.net\/en\/chambres\/chambre-double-standard-tradition-bois\/\" \/>\n<meta property=\"og:locale\" content=\"en_US\" \/>\n<meta property=\"og:type\" content=\"article\" \/>\n<meta property=\"og:title\" content=\"H\u00f4tel Noirmoutier - Chambre Double vue Bois | H\u00f4tel Saint Paul\" \/>\n<meta property=\"og:description\" content=\"D\u00e9couvrez les 12 chambres doubles standard avec vue sur le bois de l&#039;H\u00f4tel Saint Paul sur l&#039;Ile de Noirmoutier. H\u00e9bergement de charme seul ou \u00e0 2, loisirs ou affaires.\" \/>\n<meta property=\"og:url\" content=\"https:\/\/www.hotel-saint-paul.net\/en\/chambres\/chambre-double-standard-tradition-bois\/\" \/>\n<meta property=\"og:site_name\" content=\"Saint-Paul Noirmoutier\" \/>\n<meta property=\"article:modified_time\" content=\"2024-07-09T13:38:29+00:00\" \/>\n<meta name=\"twitter:card\" content=\"summary_large_image\" \/>\n<meta name=\"twitter:label1\" content=\"Est. reading time\" \/>\n\t<meta name=\"twitter:data1\" content=\"1 minute\" \/>\n<script type=\"application\/ld+json\" class=\"yoast-schema-graph\">{\"@context\":\"https:\\\/\\\/schema.org\",\"@graph\":[{\"@type\":\"WebPage\",\"@id\":\"https:\\\/\\\/www.hotel-saint-paul.net\\\/en\\\/chambres\\\/chambre-double-standard-tradition-bois\\\/\",\"url\":\"https:\\\/\\\/www.hotel-saint-paul.net\\\/en\\\/chambres\\\/chambre-double-standard-tradition-bois\\\/\",\"name\":\"H\u00f4tel Noirmoutier - Chambre Double vue Bois | H\u00f4tel Saint Paul\",\"isPartOf\":{\"@id\":\"https:\\\/\\\/www.hotel-saint-paul.net\\\/en\\\/#website\"},\"datePublished\":\"2024-03-12T16:12:22+00:00\",\"dateModified\":\"2024-07-09T13:38:29+00:00\",\"description\":\"D\u00e9couvrez les 12 chambres doubles standard avec vue sur le bois de l'H\u00f4tel Saint Paul sur l'Ile de Noirmoutier. H\u00e9bergement de charme seul ou \u00e0 2, loisirs ou affaires.\",\"breadcrumb\":{\"@id\":\"https:\\\/\\\/www.hotel-saint-paul.net\\\/en\\\/chambres\\\/chambre-double-standard-tradition-bois\\\/#breadcrumb\"},\"inLanguage\":\"en-US\",\"potentialAction\":[{\"@type\":\"ReadAction\",\"target\":[\"https:\\\/\\\/www.hotel-saint-paul.net\\\/en\\\/chambres\\\/chambre-double-standard-tradition-bois\\\/\"]}]},{\"@type\":\"BreadcrumbList\",\"@id\":\"https:\\\/\\\/www.hotel-saint-paul.net\\\/en\\\/chambres\\\/chambre-double-standard-tradition-bois\\\/#breadcrumb\",\"itemListElement\":[{\"@type\":\"ListItem\",\"position\":1,\"name\":\"Accueil\",\"item\":\"https:\\\/\\\/www.hotel-saint-paul.net\\\/en\\\/\"},{\"@type\":\"ListItem\",\"position\":2,\"name\":\"Rooms\",\"item\":\"https:\\\/\\\/www.hotel-saint-paul.net\\\/en\\\/chambres\\\/\"},{\"@type\":\"ListItem\",\"position\":3,\"name\":\"Standard-rate double roomwood tradition\"}]},{\"@type\":\"WebSite\",\"@id\":\"https:\\\/\\\/www.hotel-saint-paul.net\\\/en\\\/#website\",\"url\":\"https:\\\/\\\/www.hotel-saint-paul.net\\\/en\\\/\",\"name\":\"Saint-Paul Noirmoutier\",\"description\":\"\",\"potentialAction\":[{\"@type\":\"SearchAction\",\"target\":{\"@type\":\"EntryPoint\",\"urlTemplate\":\"https:\\\/\\\/www.hotel-saint-paul.net\\\/en\\\/?s={search_term_string}\"},\"query-input\":{\"@type\":\"PropertyValueSpecification\",\"valueRequired\":true,\"valueName\":\"search_term_string\"}}],\"inLanguage\":\"en-US\"}]}<\/script>\n<!-- \/ Yoast SEO plugin. -->","yoast_head_json":{"title":"H\u00f4tel Noirmoutier - Chambre Double vue Bois | H\u00f4tel Saint Paul","description":"D\u00e9couvrez les 12 chambres doubles standard avec vue sur le bois de l'H\u00f4tel Saint Paul sur l'Ile de Noirmoutier. H\u00e9bergement de charme seul ou \u00e0 2, loisirs ou affaires.","robots":{"index":"index","follow":"follow","max-snippet":"max-snippet:-1","max-image-preview":"max-image-preview:large","max-video-preview":"max-video-preview:-1"},"canonical":"https:\/\/www.hotel-saint-paul.net\/en\/chambres\/chambre-double-standard-tradition-bois\/","og_locale":"en_US","og_type":"article","og_title":"H\u00f4tel Noirmoutier - Chambre Double vue Bois | H\u00f4tel Saint Paul","og_description":"D\u00e9couvrez les 12 chambres doubles standard avec vue sur le bois de l'H\u00f4tel Saint Paul sur l'Ile de Noirmoutier. H\u00e9bergement de charme seul ou \u00e0 2, loisirs ou affaires.","og_url":"https:\/\/www.hotel-saint-paul.net\/en\/chambres\/chambre-double-standard-tradition-bois\/","og_site_name":"Saint-Paul Noirmoutier","article_modified_time":"2024-07-09T13:38:29+00:00","twitter_card":"summary_large_image","twitter_misc":{"Est. reading time":"1 minute"},"schema":{"@context":"https:\/\/schema.org","@graph":[{"@type":"WebPage","@id":"https:\/\/www.hotel-saint-paul.net\/en\/chambres\/chambre-double-standard-tradition-bois\/","url":"https:\/\/www.hotel-saint-paul.net\/en\/chambres\/chambre-double-standard-tradition-bois\/","name":"H\u00f4tel Noirmoutier - Chambre Double vue Bois | H\u00f4tel Saint Paul","isPartOf":{"@id":"https:\/\/www.hotel-saint-paul.net\/en\/#website"},"datePublished":"2024-03-12T16:12:22+00:00","dateModified":"2024-07-09T13:38:29+00:00","description":"D\u00e9couvrez les 12 chambres doubles standard avec vue sur le bois de l'H\u00f4tel Saint Paul sur l'Ile de Noirmoutier. H\u00e9bergement de charme seul ou \u00e0 2, loisirs ou affaires.","breadcrumb":{"@id":"https:\/\/www.hotel-saint-paul.net\/en\/chambres\/chambre-double-standard-tradition-bois\/#breadcrumb"},"inLanguage":"en-US","potentialAction":[{"@type":"ReadAction","target":["https:\/\/www.hotel-saint-paul.net\/en\/chambres\/chambre-double-standard-tradition-bois\/"]}]},{"@type":"BreadcrumbList","@id":"https:\/\/www.hotel-saint-paul.net\/en\/chambres\/chambre-double-standard-tradition-bois\/#breadcrumb","itemListElement":[{"@type":"ListItem","position":1,"name":"Accueil","item":"https:\/\/www.hotel-saint-paul.net\/en\/"},{"@type":"ListItem","position":2,"name":"Rooms","item":"https:\/\/www.hotel-saint-paul.net\/en\/chambres\/"},{"@type":"ListItem","position":3,"name":"Standard-rate double roomwood tradition"}]},{"@type":"WebSite","@id":"https:\/\/www.hotel-saint-paul.net\/en\/#website","url":"https:\/\/www.hotel-saint-paul.net\/en\/","name":"Saint-Paul Noirmoutier","description":"","potentialAction":[{"@type":"SearchAction","target":{"@type":"EntryPoint","urlTemplate":"https:\/\/www.hotel-saint-paul.net\/en\/?s={search_term_string}"},"query-input":{"@type":"PropertyValueSpecification","valueRequired":true,"valueName":"search_term_string"}}],"inLanguage":"en-US"}]}},"acf":[],"_links":{"self":[{"href":"https:\/\/www.hotel-saint-paul.net\/en\/wp-json\/wp\/v2\/pages\/203","targetHints":{"allow":["GET"]}}],"collection":[{"href":"https:\/\/www.hotel-saint-paul.net\/en\/wp-json\/wp\/v2\/pages"}],"about":[{"href":"https:\/\/www.hotel-saint-paul.net\/en\/wp-json\/wp\/v2\/types\/page"}],"author":[{"embeddable":true,"href":"https:\/\/www.hotel-saint-paul.net\/en\/wp-json\/wp\/v2\/users\/25"}],"replies":[{"embeddable":true,"href":"https:\/\/www.hotel-saint-paul.net\/en\/wp-json\/wp\/v2\/comments?post=203"}],"version-history":[{"count":0,"href":"https:\/\/www.hotel-saint-paul.net\/en\/wp-json\/wp\/v2\/pages\/203\/revisions"}],"up":[{"embeddable":true,"href":"https:\/\/www.hotel-saint-paul.net\/en\/wp-json\/wp\/v2\/pages\/199"}],"wp:attachment":[{"href":"https:\/\/www.hotel-saint-paul.net\/en\/wp-json\/wp\/v2\/media?parent=203"}],"curies":[{"name":"wp","href":"https:\/\/api.w.org\/{rel}","templated":true}]}}