{"id":216,"date":"2024-03-12T17:19:46","date_gmt":"2024-03-12T16:19:46","guid":{"rendered":"https:\/\/www.hotel-saint-paul.net\/restaurant\/"},"modified":"2026-04-04T13:58:03","modified_gmt":"2026-04-04T11:58:03","slug":"restaurant","status":"publish","type":"page","link":"https:\/\/www.hotel-saint-paul.net\/en\/restaurant\/","title":{"rendered":"Restaurant"},"content":{"rendered":"<p>In family or with friends, reserve a table for lunch or dinner!<br \/>\nAnd let yourself be enchanted by the flavors!<\/p>\n<p>Our chef is sure to delight you with gourmet reciepes and dishes, cooked with fresh, local products, selected from local suppliers.<\/p>\n<p>Choose your own menu among our starters, main dishes and desserts, with regional wines carefully selected and tasted by our team! For banquets or seminar meals, menus to suit all budgets are available on request. We can cater for medium-sized groups, and privatize a room.<\/p>\n<p><a href=\"https:\/\/saint-paul.ms2.decms.eu\/en\/contact\/\">Don&#8217;t hesitate to contact us for a quote!<\/a> &#8211; 06.81.74.56.68<a href=\"https:\/\/www.instagram.com\/anserougenoirmoutier\/\" target=\"_blank\" rel=\"noopener\"><br \/>\n<img decoding=\"async\" src=\"https:\/\/saint-paul.ms2.decms.eu\/wp-content\/uploads\/sites\/119\/2024\/04\/logo-instagram.jpg\" \/><\/a><\/p>\n","protected":false},"excerpt":{"rendered":"<p>In family or with friends, reserve a table for lunch or dinner! And let yourself be enchanted by the flavors! Our chef is sure to delight you with gourmet reciepes and dishes, cooked with fresh, local products, selected from local suppliers. Choose your own menu among our starters, main dishes and desserts, with regional wines [&hellip;]<\/p>\n","protected":false},"author":25,"featured_media":0,"parent":0,"menu_order":0,"comment_status":"closed","ping_status":"closed","template":"template-restaurants.php","meta":{"footnotes":""},"class_list":["post-216","page","type-page","status-publish","hentry"],"yoast_head":"<!-- This site is optimized with the Yoast SEO plugin v27.3 - https:\/\/yoast.com\/product\/yoast-seo-wordpress\/ -->\n<title>Restaurant L&#039;Anse rouge Noirmoutier | H\u00f4tel Saint Paul<\/title>\n<meta name=\"description\" content=\"D\u00e9couvrez le Restaurant L&#039;Anse rouge de l&#039;h\u00f4tel Saint Paul \u00e0 Noirmoutier. Une cuisine novatrice mais authentique \u00e0 base de produits frais et locaux.\" \/>\n<meta name=\"robots\" content=\"index, follow, max-snippet:-1, max-image-preview:large, max-video-preview:-1\" \/>\n<link rel=\"canonical\" href=\"https:\/\/www.hotel-saint-paul.net\/en\/restaurant\/\" \/>\n<meta property=\"og:locale\" content=\"en_US\" \/>\n<meta property=\"og:type\" content=\"article\" \/>\n<meta property=\"og:title\" content=\"Restaurant L&#039;Anse rouge Noirmoutier | H\u00f4tel Saint Paul\" \/>\n<meta property=\"og:description\" content=\"D\u00e9couvrez le Restaurant L&#039;Anse rouge de l&#039;h\u00f4tel Saint Paul \u00e0 Noirmoutier. Une cuisine novatrice mais authentique \u00e0 base de produits frais et locaux.\" \/>\n<meta property=\"og:url\" content=\"https:\/\/www.hotel-saint-paul.net\/en\/restaurant\/\" \/>\n<meta property=\"og:site_name\" content=\"Saint-Paul Noirmoutier\" \/>\n<meta property=\"article:modified_time\" content=\"2026-04-04T11:58:03+00:00\" \/>\n<meta property=\"og:image\" content=\"https:\/\/saint-paul.ms2.decms.eu\/wp-content\/uploads\/sites\/119\/2024\/04\/logo-instagram.jpg\" \/>\n<meta name=\"twitter:card\" content=\"summary_large_image\" \/>\n<meta name=\"twitter:label1\" content=\"Est. reading time\" \/>\n\t<meta name=\"twitter:data1\" content=\"1 minute\" \/>\n<script type=\"application\/ld+json\" class=\"yoast-schema-graph\">{\"@context\":\"https:\\\/\\\/schema.org\",\"@graph\":[{\"@type\":\"WebPage\",\"@id\":\"https:\\\/\\\/www.hotel-saint-paul.net\\\/en\\\/restaurant\\\/\",\"url\":\"https:\\\/\\\/www.hotel-saint-paul.net\\\/en\\\/restaurant\\\/\",\"name\":\"Restaurant L'Anse rouge Noirmoutier | H\u00f4tel Saint Paul\",\"isPartOf\":{\"@id\":\"https:\\\/\\\/www.hotel-saint-paul.net\\\/en\\\/#website\"},\"primaryImageOfPage\":{\"@id\":\"https:\\\/\\\/www.hotel-saint-paul.net\\\/en\\\/restaurant\\\/#primaryimage\"},\"image\":{\"@id\":\"https:\\\/\\\/www.hotel-saint-paul.net\\\/en\\\/restaurant\\\/#primaryimage\"},\"thumbnailUrl\":\"https:\\\/\\\/saint-paul.ms2.decms.eu\\\/wp-content\\\/uploads\\\/sites\\\/119\\\/2024\\\/04\\\/logo-instagram.jpg\",\"datePublished\":\"2024-03-12T16:19:46+00:00\",\"dateModified\":\"2026-04-04T11:58:03+00:00\",\"description\":\"D\u00e9couvrez le Restaurant L'Anse rouge de l'h\u00f4tel Saint Paul \u00e0 Noirmoutier. Une cuisine novatrice mais authentique \u00e0 base de produits frais et locaux.\",\"breadcrumb\":{\"@id\":\"https:\\\/\\\/www.hotel-saint-paul.net\\\/en\\\/restaurant\\\/#breadcrumb\"},\"inLanguage\":\"en-US\",\"potentialAction\":[{\"@type\":\"ReadAction\",\"target\":[\"https:\\\/\\\/www.hotel-saint-paul.net\\\/en\\\/restaurant\\\/\"]}]},{\"@type\":\"ImageObject\",\"inLanguage\":\"en-US\",\"@id\":\"https:\\\/\\\/www.hotel-saint-paul.net\\\/en\\\/restaurant\\\/#primaryimage\",\"url\":\"https:\\\/\\\/saint-paul.ms2.decms.eu\\\/wp-content\\\/uploads\\\/sites\\\/119\\\/2024\\\/04\\\/logo-instagram.jpg\",\"contentUrl\":\"https:\\\/\\\/saint-paul.ms2.decms.eu\\\/wp-content\\\/uploads\\\/sites\\\/119\\\/2024\\\/04\\\/logo-instagram.jpg\"},{\"@type\":\"BreadcrumbList\",\"@id\":\"https:\\\/\\\/www.hotel-saint-paul.net\\\/en\\\/restaurant\\\/#breadcrumb\",\"itemListElement\":[{\"@type\":\"ListItem\",\"position\":1,\"name\":\"Accueil\",\"item\":\"https:\\\/\\\/www.hotel-saint-paul.net\\\/en\\\/\"},{\"@type\":\"ListItem\",\"position\":2,\"name\":\"Restaurant\"}]},{\"@type\":\"WebSite\",\"@id\":\"https:\\\/\\\/www.hotel-saint-paul.net\\\/en\\\/#website\",\"url\":\"https:\\\/\\\/www.hotel-saint-paul.net\\\/en\\\/\",\"name\":\"Saint-Paul Noirmoutier\",\"description\":\"\",\"potentialAction\":[{\"@type\":\"SearchAction\",\"target\":{\"@type\":\"EntryPoint\",\"urlTemplate\":\"https:\\\/\\\/www.hotel-saint-paul.net\\\/en\\\/?s={search_term_string}\"},\"query-input\":{\"@type\":\"PropertyValueSpecification\",\"valueRequired\":true,\"valueName\":\"search_term_string\"}}],\"inLanguage\":\"en-US\"}]}<\/script>\n<!-- \/ Yoast SEO plugin. -->","yoast_head_json":{"title":"Restaurant L'Anse rouge Noirmoutier | H\u00f4tel Saint Paul","description":"D\u00e9couvrez le Restaurant L'Anse rouge de l'h\u00f4tel Saint Paul \u00e0 Noirmoutier. Une cuisine novatrice mais authentique \u00e0 base de produits frais et locaux.","robots":{"index":"index","follow":"follow","max-snippet":"max-snippet:-1","max-image-preview":"max-image-preview:large","max-video-preview":"max-video-preview:-1"},"canonical":"https:\/\/www.hotel-saint-paul.net\/en\/restaurant\/","og_locale":"en_US","og_type":"article","og_title":"Restaurant L'Anse rouge Noirmoutier | H\u00f4tel Saint Paul","og_description":"D\u00e9couvrez le Restaurant L'Anse rouge de l'h\u00f4tel Saint Paul \u00e0 Noirmoutier. Une cuisine novatrice mais authentique \u00e0 base de produits frais et locaux.","og_url":"https:\/\/www.hotel-saint-paul.net\/en\/restaurant\/","og_site_name":"Saint-Paul Noirmoutier","article_modified_time":"2026-04-04T11:58:03+00:00","og_image":[{"url":"https:\/\/saint-paul.ms2.decms.eu\/wp-content\/uploads\/sites\/119\/2024\/04\/logo-instagram.jpg","type":"","width":"","height":""}],"twitter_card":"summary_large_image","twitter_misc":{"Est. reading time":"1 minute"},"schema":{"@context":"https:\/\/schema.org","@graph":[{"@type":"WebPage","@id":"https:\/\/www.hotel-saint-paul.net\/en\/restaurant\/","url":"https:\/\/www.hotel-saint-paul.net\/en\/restaurant\/","name":"Restaurant L'Anse rouge Noirmoutier | H\u00f4tel Saint Paul","isPartOf":{"@id":"https:\/\/www.hotel-saint-paul.net\/en\/#website"},"primaryImageOfPage":{"@id":"https:\/\/www.hotel-saint-paul.net\/en\/restaurant\/#primaryimage"},"image":{"@id":"https:\/\/www.hotel-saint-paul.net\/en\/restaurant\/#primaryimage"},"thumbnailUrl":"https:\/\/saint-paul.ms2.decms.eu\/wp-content\/uploads\/sites\/119\/2024\/04\/logo-instagram.jpg","datePublished":"2024-03-12T16:19:46+00:00","dateModified":"2026-04-04T11:58:03+00:00","description":"D\u00e9couvrez le Restaurant L'Anse rouge de l'h\u00f4tel Saint Paul \u00e0 Noirmoutier. Une cuisine novatrice mais authentique \u00e0 base de produits frais et locaux.","breadcrumb":{"@id":"https:\/\/www.hotel-saint-paul.net\/en\/restaurant\/#breadcrumb"},"inLanguage":"en-US","potentialAction":[{"@type":"ReadAction","target":["https:\/\/www.hotel-saint-paul.net\/en\/restaurant\/"]}]},{"@type":"ImageObject","inLanguage":"en-US","@id":"https:\/\/www.hotel-saint-paul.net\/en\/restaurant\/#primaryimage","url":"https:\/\/saint-paul.ms2.decms.eu\/wp-content\/uploads\/sites\/119\/2024\/04\/logo-instagram.jpg","contentUrl":"https:\/\/saint-paul.ms2.decms.eu\/wp-content\/uploads\/sites\/119\/2024\/04\/logo-instagram.jpg"},{"@type":"BreadcrumbList","@id":"https:\/\/www.hotel-saint-paul.net\/en\/restaurant\/#breadcrumb","itemListElement":[{"@type":"ListItem","position":1,"name":"Accueil","item":"https:\/\/www.hotel-saint-paul.net\/en\/"},{"@type":"ListItem","position":2,"name":"Restaurant"}]},{"@type":"WebSite","@id":"https:\/\/www.hotel-saint-paul.net\/en\/#website","url":"https:\/\/www.hotel-saint-paul.net\/en\/","name":"Saint-Paul Noirmoutier","description":"","potentialAction":[{"@type":"SearchAction","target":{"@type":"EntryPoint","urlTemplate":"https:\/\/www.hotel-saint-paul.net\/en\/?s={search_term_string}"},"query-input":{"@type":"PropertyValueSpecification","valueRequired":true,"valueName":"search_term_string"}}],"inLanguage":"en-US"}]}},"acf":[],"_links":{"self":[{"href":"https:\/\/www.hotel-saint-paul.net\/en\/wp-json\/wp\/v2\/pages\/216","targetHints":{"allow":["GET"]}}],"collection":[{"href":"https:\/\/www.hotel-saint-paul.net\/en\/wp-json\/wp\/v2\/pages"}],"about":[{"href":"https:\/\/www.hotel-saint-paul.net\/en\/wp-json\/wp\/v2\/types\/page"}],"author":[{"embeddable":true,"href":"https:\/\/www.hotel-saint-paul.net\/en\/wp-json\/wp\/v2\/users\/25"}],"replies":[{"embeddable":true,"href":"https:\/\/www.hotel-saint-paul.net\/en\/wp-json\/wp\/v2\/comments?post=216"}],"version-history":[{"count":0,"href":"https:\/\/www.hotel-saint-paul.net\/en\/wp-json\/wp\/v2\/pages\/216\/revisions"}],"wp:attachment":[{"href":"https:\/\/www.hotel-saint-paul.net\/en\/wp-json\/wp\/v2\/media?parent=216"}],"curies":[{"name":"wp","href":"https:\/\/api.w.org\/{rel}","templated":true}]}}