{"id":220,"date":"2024-03-12T17:30:36","date_gmt":"2024-03-12T16:30:36","guid":{"rendered":"https:\/\/www.hotel-saint-paul.net\/seminaires-evenements\/"},"modified":"2026-03-29T12:00:05","modified_gmt":"2026-03-29T10:00:05","slug":"seminaires-evenements","status":"publish","type":"page","link":"https:\/\/www.hotel-saint-paul.net\/en\/seminaires-evenements\/","title":{"rendered":"Seminars &amp; Events"},"content":{"rendered":"<p>Make your seminars a source of strength for your organization by allowing your employees to meet and learn from one another. The Hotel Saint Paul provides a one-of-a-kind setting for meetings, conventions, and gatherings. Our team will work with you and for you on a tailor-made offer to best suit your needs.<\/p>\n<p>Your guests can choose from single, twin, or double rooms. Our chef will delight you with a diverse selection of dishes and exquisite cuisine.<\/p>\n<p>Our 60m\u00b2 room, equipped with a video projector, white screen, and flipchart, can seat 26 people in a U-shape or 60 people in a theater or standing posture. We also have a lounge (about 35 m2) that can accommodate a small seminar of about ten people, it is equipped with a video projector, white screen, and flip chart.<\/p>\n<p>The island of Noirmoutier provides several opportunities for unique activities that will enhance your seminar and make it memorable.<\/p>\n","protected":false},"excerpt":{"rendered":"<p>Make your seminars a source of strength for your organization by allowing your employees to meet and learn from one another. The Hotel Saint Paul provides a one-of-a-kind setting for meetings, conventions, and gatherings. Our team will work with you and for you on a tailor-made offer to best suit your needs. Your guests can [&hellip;]<\/p>\n","protected":false},"author":25,"featured_media":0,"parent":0,"menu_order":0,"comment_status":"closed","ping_status":"closed","template":"template-meeting.php","meta":{"footnotes":""},"class_list":["post-220","page","type-page","status-publish","hentry"],"yoast_head":"<!-- This site is optimized with the Yoast SEO plugin v27.3 - https:\/\/yoast.com\/product\/yoast-seo-wordpress\/ -->\n<title>H\u00e9bergement &amp; S\u00e9minaires Noirmoutier | H\u00f4tel Saint Paul<\/title>\n<meta name=\"description\" content=\"D\u00e9couvrez les espaces r\u00e9unions et s\u00e9minaires de l&#039;H\u00f4tel Saint Paul \u00e0 Noirmoutier. Une grande salle et un salon \u00e9quip\u00e9s de 10 \u00e0 60 personnes. Contactez-nous.\" \/>\n<meta name=\"robots\" content=\"index, follow, max-snippet:-1, max-image-preview:large, max-video-preview:-1\" \/>\n<link rel=\"canonical\" href=\"https:\/\/www.hotel-saint-paul.net\/en\/seminaires-evenements\/\" \/>\n<meta property=\"og:locale\" content=\"en_US\" \/>\n<meta property=\"og:type\" content=\"article\" \/>\n<meta property=\"og:title\" content=\"H\u00e9bergement &amp; S\u00e9minaires Noirmoutier | H\u00f4tel Saint Paul\" \/>\n<meta property=\"og:description\" content=\"D\u00e9couvrez les espaces r\u00e9unions et s\u00e9minaires de l&#039;H\u00f4tel Saint Paul \u00e0 Noirmoutier. Une grande salle et un salon \u00e9quip\u00e9s de 10 \u00e0 60 personnes. Contactez-nous.\" \/>\n<meta property=\"og:url\" content=\"https:\/\/www.hotel-saint-paul.net\/en\/seminaires-evenements\/\" \/>\n<meta property=\"og:site_name\" content=\"Saint-Paul Noirmoutier\" \/>\n<meta property=\"article:modified_time\" content=\"2026-03-29T10:00:05+00:00\" \/>\n<meta name=\"twitter:card\" content=\"summary_large_image\" \/>\n<meta name=\"twitter:label1\" content=\"Est. reading time\" \/>\n\t<meta name=\"twitter:data1\" content=\"1 minute\" \/>\n<script type=\"application\/ld+json\" class=\"yoast-schema-graph\">{\"@context\":\"https:\\\/\\\/schema.org\",\"@graph\":[{\"@type\":\"WebPage\",\"@id\":\"https:\\\/\\\/www.hotel-saint-paul.net\\\/en\\\/seminaires-evenements\\\/\",\"url\":\"https:\\\/\\\/www.hotel-saint-paul.net\\\/en\\\/seminaires-evenements\\\/\",\"name\":\"H\u00e9bergement & S\u00e9minaires Noirmoutier | H\u00f4tel Saint Paul\",\"isPartOf\":{\"@id\":\"https:\\\/\\\/www.hotel-saint-paul.net\\\/en\\\/#website\"},\"datePublished\":\"2024-03-12T16:30:36+00:00\",\"dateModified\":\"2026-03-29T10:00:05+00:00\",\"description\":\"D\u00e9couvrez les espaces r\u00e9unions et s\u00e9minaires de l'H\u00f4tel Saint Paul \u00e0 Noirmoutier. Une grande salle et un salon \u00e9quip\u00e9s de 10 \u00e0 60 personnes. Contactez-nous.\",\"breadcrumb\":{\"@id\":\"https:\\\/\\\/www.hotel-saint-paul.net\\\/en\\\/seminaires-evenements\\\/#breadcrumb\"},\"inLanguage\":\"en-US\",\"potentialAction\":[{\"@type\":\"ReadAction\",\"target\":[\"https:\\\/\\\/www.hotel-saint-paul.net\\\/en\\\/seminaires-evenements\\\/\"]}]},{\"@type\":\"BreadcrumbList\",\"@id\":\"https:\\\/\\\/www.hotel-saint-paul.net\\\/en\\\/seminaires-evenements\\\/#breadcrumb\",\"itemListElement\":[{\"@type\":\"ListItem\",\"position\":1,\"name\":\"Accueil\",\"item\":\"https:\\\/\\\/www.hotel-saint-paul.net\\\/en\\\/\"},{\"@type\":\"ListItem\",\"position\":2,\"name\":\"Seminars &amp; Events\"}]},{\"@type\":\"WebSite\",\"@id\":\"https:\\\/\\\/www.hotel-saint-paul.net\\\/en\\\/#website\",\"url\":\"https:\\\/\\\/www.hotel-saint-paul.net\\\/en\\\/\",\"name\":\"Saint-Paul Noirmoutier\",\"description\":\"\",\"potentialAction\":[{\"@type\":\"SearchAction\",\"target\":{\"@type\":\"EntryPoint\",\"urlTemplate\":\"https:\\\/\\\/www.hotel-saint-paul.net\\\/en\\\/?s={search_term_string}\"},\"query-input\":{\"@type\":\"PropertyValueSpecification\",\"valueRequired\":true,\"valueName\":\"search_term_string\"}}],\"inLanguage\":\"en-US\"}]}<\/script>\n<!-- \/ Yoast SEO plugin. -->","yoast_head_json":{"title":"H\u00e9bergement & S\u00e9minaires Noirmoutier | H\u00f4tel Saint Paul","description":"D\u00e9couvrez les espaces r\u00e9unions et s\u00e9minaires de l'H\u00f4tel Saint Paul \u00e0 Noirmoutier. Une grande salle et un salon \u00e9quip\u00e9s de 10 \u00e0 60 personnes. Contactez-nous.","robots":{"index":"index","follow":"follow","max-snippet":"max-snippet:-1","max-image-preview":"max-image-preview:large","max-video-preview":"max-video-preview:-1"},"canonical":"https:\/\/www.hotel-saint-paul.net\/en\/seminaires-evenements\/","og_locale":"en_US","og_type":"article","og_title":"H\u00e9bergement & S\u00e9minaires Noirmoutier | H\u00f4tel Saint Paul","og_description":"D\u00e9couvrez les espaces r\u00e9unions et s\u00e9minaires de l'H\u00f4tel Saint Paul \u00e0 Noirmoutier. Une grande salle et un salon \u00e9quip\u00e9s de 10 \u00e0 60 personnes. Contactez-nous.","og_url":"https:\/\/www.hotel-saint-paul.net\/en\/seminaires-evenements\/","og_site_name":"Saint-Paul Noirmoutier","article_modified_time":"2026-03-29T10:00:05+00:00","twitter_card":"summary_large_image","twitter_misc":{"Est. reading time":"1 minute"},"schema":{"@context":"https:\/\/schema.org","@graph":[{"@type":"WebPage","@id":"https:\/\/www.hotel-saint-paul.net\/en\/seminaires-evenements\/","url":"https:\/\/www.hotel-saint-paul.net\/en\/seminaires-evenements\/","name":"H\u00e9bergement & S\u00e9minaires Noirmoutier | H\u00f4tel Saint Paul","isPartOf":{"@id":"https:\/\/www.hotel-saint-paul.net\/en\/#website"},"datePublished":"2024-03-12T16:30:36+00:00","dateModified":"2026-03-29T10:00:05+00:00","description":"D\u00e9couvrez les espaces r\u00e9unions et s\u00e9minaires de l'H\u00f4tel Saint Paul \u00e0 Noirmoutier. Une grande salle et un salon \u00e9quip\u00e9s de 10 \u00e0 60 personnes. Contactez-nous.","breadcrumb":{"@id":"https:\/\/www.hotel-saint-paul.net\/en\/seminaires-evenements\/#breadcrumb"},"inLanguage":"en-US","potentialAction":[{"@type":"ReadAction","target":["https:\/\/www.hotel-saint-paul.net\/en\/seminaires-evenements\/"]}]},{"@type":"BreadcrumbList","@id":"https:\/\/www.hotel-saint-paul.net\/en\/seminaires-evenements\/#breadcrumb","itemListElement":[{"@type":"ListItem","position":1,"name":"Accueil","item":"https:\/\/www.hotel-saint-paul.net\/en\/"},{"@type":"ListItem","position":2,"name":"Seminars &amp; Events"}]},{"@type":"WebSite","@id":"https:\/\/www.hotel-saint-paul.net\/en\/#website","url":"https:\/\/www.hotel-saint-paul.net\/en\/","name":"Saint-Paul Noirmoutier","description":"","potentialAction":[{"@type":"SearchAction","target":{"@type":"EntryPoint","urlTemplate":"https:\/\/www.hotel-saint-paul.net\/en\/?s={search_term_string}"},"query-input":{"@type":"PropertyValueSpecification","valueRequired":true,"valueName":"search_term_string"}}],"inLanguage":"en-US"}]}},"acf":[],"_links":{"self":[{"href":"https:\/\/www.hotel-saint-paul.net\/en\/wp-json\/wp\/v2\/pages\/220","targetHints":{"allow":["GET"]}}],"collection":[{"href":"https:\/\/www.hotel-saint-paul.net\/en\/wp-json\/wp\/v2\/pages"}],"about":[{"href":"https:\/\/www.hotel-saint-paul.net\/en\/wp-json\/wp\/v2\/types\/page"}],"author":[{"embeddable":true,"href":"https:\/\/www.hotel-saint-paul.net\/en\/wp-json\/wp\/v2\/users\/25"}],"replies":[{"embeddable":true,"href":"https:\/\/www.hotel-saint-paul.net\/en\/wp-json\/wp\/v2\/comments?post=220"}],"version-history":[{"count":0,"href":"https:\/\/www.hotel-saint-paul.net\/en\/wp-json\/wp\/v2\/pages\/220\/revisions"}],"wp:attachment":[{"href":"https:\/\/www.hotel-saint-paul.net\/en\/wp-json\/wp\/v2\/media?parent=220"}],"curies":[{"name":"wp","href":"https:\/\/api.w.org\/{rel}","templated":true}]}}