{"id":225,"date":"2024-03-12T18:17:24","date_gmt":"2024-03-12T17:17:24","guid":{"rendered":"https:\/\/www.hotel-saint-paul.net\/situation\/"},"modified":"2024-07-09T16:39:42","modified_gmt":"2024-07-09T14:39:42","slug":"situation","status":"publish","type":"page","link":"https:\/\/www.hotel-saint-paul.net\/en\/situation\/","title":{"rendered":"Situation"},"content":{"rendered":"<p>Located 300 m from Les Dames and L&#8217;Anse Rouge beaches, 2 km from Noirmoutier center and a 10-minute walk from Les Dames and L&#8217;Anse Rouge beaches, 2 km from the center, the Saint Paul hotel is a charming stopover in the heart of the Bois de la Chaize!<\/p>\n<p>GPS coordinates: 47.010752, -2.22667<\/p>\n<p>The island of Noirmoutier offers very little parking, so don&#8217;t forget to take the &#8220;little queen&#8221; ! <a href=\"https:\/\/saint-paul.ms2.decms.eu\/places\/location-de-velos\/\">&gt; Bike rental<\/a><\/p>\n<p>Ask us for booklets and timetables:<\/p>\n<p>\u2022 Line 13 Nantes \u2013 Noirmoutier <a class=\"waffle-rich-text-link\" href=\"https:\/\/loireatlantique.transdev-paysdelaloire.com\/ligne-13-nantesfromentinenoirmoutier\" target=\"_blank\" rel=\"noopener\">&gt; Line map<\/a><\/p>\n<p>\u2022 Gratibus line on the island (summer only)<\/p>\n<p>\u2022 Cab service partners <a class=\"waffle-rich-text-link\" href=\"https:\/\/www.vtcdenoirmoutier.fr\/\" target=\"_blank\" rel=\"noopener\">&gt; More info<\/a><\/p>\n<p>*The hotel has no private parking! Parking is available on the street in front of the hotel and in adjacent streets.<\/p>\n","protected":false},"excerpt":{"rendered":"<p>Located 300 m from Les Dames and L&#8217;Anse Rouge beaches, 2 km from Noirmoutier center and a 10-minute walk from Les Dames and L&#8217;Anse Rouge beaches, 2 km from the center, the Saint Paul hotel is a charming stopover in the heart of the Bois de la Chaize! GPS coordinates: 47.010752, -2.22667 The island of [&hellip;]<\/p>\n","protected":false},"author":25,"featured_media":0,"parent":0,"menu_order":0,"comment_status":"closed","ping_status":"closed","template":"template-location.php","meta":{"footnotes":""},"class_list":["post-225","page","type-page","status-publish","hentry"],"yoast_head":"<!-- This site is optimized with the Yoast SEO plugin v27.3 - https:\/\/yoast.com\/product\/yoast-seo-wordpress\/ -->\n<title>H\u00f4tel bord de mer Ile de Noirmoutier | H\u00f4tel Saint Paul<\/title>\n<meta name=\"description\" content=\"D\u00e9couvrez l&#039;h\u00f4tel Saint Paul \u00e0 Noirmoutier, un h\u00f4tel de charme en bord de mer \u00e0 200 m des plages et 2 kms du centre-ville, au c\u0153ur du Bois de la Chaize.\" \/>\n<meta name=\"robots\" content=\"index, follow, max-snippet:-1, max-image-preview:large, max-video-preview:-1\" \/>\n<link rel=\"canonical\" href=\"https:\/\/www.hotel-saint-paul.net\/en\/situation\/\" \/>\n<meta property=\"og:locale\" content=\"en_US\" \/>\n<meta property=\"og:type\" content=\"article\" \/>\n<meta property=\"og:title\" content=\"H\u00f4tel bord de mer Ile de Noirmoutier | H\u00f4tel Saint Paul\" \/>\n<meta property=\"og:description\" content=\"D\u00e9couvrez l&#039;h\u00f4tel Saint Paul \u00e0 Noirmoutier, un h\u00f4tel de charme en bord de mer \u00e0 200 m des plages et 2 kms du centre-ville, au c\u0153ur du Bois de la Chaize.\" \/>\n<meta property=\"og:url\" content=\"https:\/\/www.hotel-saint-paul.net\/en\/situation\/\" \/>\n<meta property=\"og:site_name\" content=\"Saint-Paul Noirmoutier\" \/>\n<meta property=\"article:modified_time\" content=\"2024-07-09T14:39:42+00:00\" \/>\n<meta name=\"twitter:card\" content=\"summary_large_image\" \/>\n<meta name=\"twitter:label1\" content=\"Est. reading time\" \/>\n\t<meta name=\"twitter:data1\" content=\"1 minute\" \/>\n<script type=\"application\/ld+json\" class=\"yoast-schema-graph\">{\"@context\":\"https:\\\/\\\/schema.org\",\"@graph\":[{\"@type\":\"WebPage\",\"@id\":\"https:\\\/\\\/www.hotel-saint-paul.net\\\/en\\\/situation\\\/\",\"url\":\"https:\\\/\\\/www.hotel-saint-paul.net\\\/en\\\/situation\\\/\",\"name\":\"H\u00f4tel bord de mer Ile de Noirmoutier | H\u00f4tel Saint Paul\",\"isPartOf\":{\"@id\":\"https:\\\/\\\/www.hotel-saint-paul.net\\\/en\\\/#website\"},\"datePublished\":\"2024-03-12T17:17:24+00:00\",\"dateModified\":\"2024-07-09T14:39:42+00:00\",\"description\":\"D\u00e9couvrez l'h\u00f4tel Saint Paul \u00e0 Noirmoutier, un h\u00f4tel de charme en bord de mer \u00e0 200 m des plages et 2 kms du centre-ville, au c\u0153ur du Bois de la Chaize.\",\"breadcrumb\":{\"@id\":\"https:\\\/\\\/www.hotel-saint-paul.net\\\/en\\\/situation\\\/#breadcrumb\"},\"inLanguage\":\"en-US\",\"potentialAction\":[{\"@type\":\"ReadAction\",\"target\":[\"https:\\\/\\\/www.hotel-saint-paul.net\\\/en\\\/situation\\\/\"]}]},{\"@type\":\"BreadcrumbList\",\"@id\":\"https:\\\/\\\/www.hotel-saint-paul.net\\\/en\\\/situation\\\/#breadcrumb\",\"itemListElement\":[{\"@type\":\"ListItem\",\"position\":1,\"name\":\"Accueil\",\"item\":\"https:\\\/\\\/www.hotel-saint-paul.net\\\/en\\\/\"},{\"@type\":\"ListItem\",\"position\":2,\"name\":\"Situation\"}]},{\"@type\":\"WebSite\",\"@id\":\"https:\\\/\\\/www.hotel-saint-paul.net\\\/en\\\/#website\",\"url\":\"https:\\\/\\\/www.hotel-saint-paul.net\\\/en\\\/\",\"name\":\"Saint-Paul Noirmoutier\",\"description\":\"\",\"potentialAction\":[{\"@type\":\"SearchAction\",\"target\":{\"@type\":\"EntryPoint\",\"urlTemplate\":\"https:\\\/\\\/www.hotel-saint-paul.net\\\/en\\\/?s={search_term_string}\"},\"query-input\":{\"@type\":\"PropertyValueSpecification\",\"valueRequired\":true,\"valueName\":\"search_term_string\"}}],\"inLanguage\":\"en-US\"}]}<\/script>\n<!-- \/ Yoast SEO plugin. -->","yoast_head_json":{"title":"H\u00f4tel bord de mer Ile de Noirmoutier | H\u00f4tel Saint Paul","description":"D\u00e9couvrez l'h\u00f4tel Saint Paul \u00e0 Noirmoutier, un h\u00f4tel de charme en bord de mer \u00e0 200 m des plages et 2 kms du centre-ville, au c\u0153ur du Bois de la Chaize.","robots":{"index":"index","follow":"follow","max-snippet":"max-snippet:-1","max-image-preview":"max-image-preview:large","max-video-preview":"max-video-preview:-1"},"canonical":"https:\/\/www.hotel-saint-paul.net\/en\/situation\/","og_locale":"en_US","og_type":"article","og_title":"H\u00f4tel bord de mer Ile de Noirmoutier | H\u00f4tel Saint Paul","og_description":"D\u00e9couvrez l'h\u00f4tel Saint Paul \u00e0 Noirmoutier, un h\u00f4tel de charme en bord de mer \u00e0 200 m des plages et 2 kms du centre-ville, au c\u0153ur du Bois de la Chaize.","og_url":"https:\/\/www.hotel-saint-paul.net\/en\/situation\/","og_site_name":"Saint-Paul Noirmoutier","article_modified_time":"2024-07-09T14:39:42+00:00","twitter_card":"summary_large_image","twitter_misc":{"Est. reading time":"1 minute"},"schema":{"@context":"https:\/\/schema.org","@graph":[{"@type":"WebPage","@id":"https:\/\/www.hotel-saint-paul.net\/en\/situation\/","url":"https:\/\/www.hotel-saint-paul.net\/en\/situation\/","name":"H\u00f4tel bord de mer Ile de Noirmoutier | H\u00f4tel Saint Paul","isPartOf":{"@id":"https:\/\/www.hotel-saint-paul.net\/en\/#website"},"datePublished":"2024-03-12T17:17:24+00:00","dateModified":"2024-07-09T14:39:42+00:00","description":"D\u00e9couvrez l'h\u00f4tel Saint Paul \u00e0 Noirmoutier, un h\u00f4tel de charme en bord de mer \u00e0 200 m des plages et 2 kms du centre-ville, au c\u0153ur du Bois de la Chaize.","breadcrumb":{"@id":"https:\/\/www.hotel-saint-paul.net\/en\/situation\/#breadcrumb"},"inLanguage":"en-US","potentialAction":[{"@type":"ReadAction","target":["https:\/\/www.hotel-saint-paul.net\/en\/situation\/"]}]},{"@type":"BreadcrumbList","@id":"https:\/\/www.hotel-saint-paul.net\/en\/situation\/#breadcrumb","itemListElement":[{"@type":"ListItem","position":1,"name":"Accueil","item":"https:\/\/www.hotel-saint-paul.net\/en\/"},{"@type":"ListItem","position":2,"name":"Situation"}]},{"@type":"WebSite","@id":"https:\/\/www.hotel-saint-paul.net\/en\/#website","url":"https:\/\/www.hotel-saint-paul.net\/en\/","name":"Saint-Paul Noirmoutier","description":"","potentialAction":[{"@type":"SearchAction","target":{"@type":"EntryPoint","urlTemplate":"https:\/\/www.hotel-saint-paul.net\/en\/?s={search_term_string}"},"query-input":{"@type":"PropertyValueSpecification","valueRequired":true,"valueName":"search_term_string"}}],"inLanguage":"en-US"}]}},"acf":[],"_links":{"self":[{"href":"https:\/\/www.hotel-saint-paul.net\/en\/wp-json\/wp\/v2\/pages\/225","targetHints":{"allow":["GET"]}}],"collection":[{"href":"https:\/\/www.hotel-saint-paul.net\/en\/wp-json\/wp\/v2\/pages"}],"about":[{"href":"https:\/\/www.hotel-saint-paul.net\/en\/wp-json\/wp\/v2\/types\/page"}],"author":[{"embeddable":true,"href":"https:\/\/www.hotel-saint-paul.net\/en\/wp-json\/wp\/v2\/users\/25"}],"replies":[{"embeddable":true,"href":"https:\/\/www.hotel-saint-paul.net\/en\/wp-json\/wp\/v2\/comments?post=225"}],"version-history":[{"count":0,"href":"https:\/\/www.hotel-saint-paul.net\/en\/wp-json\/wp\/v2\/pages\/225\/revisions"}],"wp:attachment":[{"href":"https:\/\/www.hotel-saint-paul.net\/en\/wp-json\/wp\/v2\/media?parent=225"}],"curies":[{"name":"wp","href":"https:\/\/api.w.org\/{rel}","templated":true}]}}