{"id":228,"date":"2024-03-20T15:33:53","date_gmt":"2024-03-20T14:33:53","guid":{"rendered":"https:\/\/www.hotel-saint-paul.net\/situation\/activites-a-noirmoutier\/"},"modified":"2024-07-09T16:49:28","modified_gmt":"2024-07-09T14:49:28","slug":"activites-a-noirmoutier","status":"publish","type":"page","link":"https:\/\/www.hotel-saint-paul.net\/en\/situation\/activites-a-noirmoutier\/","title":{"rendered":"Activities in Noirmoutier"},"content":{"rendered":"<p>On the Atlantic seaboard, the island of Noirmoutier is unique. A flat land of 49 km2 and 25 km in length, it has maintained a link with the mainland, both via its famous Gois passage, and for over 50 years, the bridge. Its population and economy are diverse, with salt manufacturers, fishermen, oyster farmers, farmers and vacationers!<\/p>\n<p>The Hotel Saint Paul is located in the heart of the Bois de la Chaize, at a 10-minute walk from the famous Plage des Dames, as well as from Plage des Souzeaux and Anse Rouge.<\/p>\n<p>Take your bike or walk to the town of Noirmoutier en l&#8217;\u00eele, with its historic center, the Jacobsen pier (former towpath), the M\u00fcllenbourg marsh and its nature reserve (don&#8217;t forget your binoculars!).<\/p>\n<p>You will then meet the salt manufacturers and take a walk through the salt marshes a little further on. Your adventure on the island continues via l&#8217;Epine, la Gu\u00e9rini\u00e8re, and Barb\u00e2tre, heading north to the port of l&#8217;Herbaudi\u00e8re (a fishing port and fish market), or south to the Gois (a submersible road accessible only during low tide).<\/p>\n<p>The hotel Saint-Paul is collaborating with <a class=\"waffle-rich-text-link\" href=\"https:\/\/www.ile-noirmoutier.com\/fr\" target=\"_blank\" rel=\"noopener\">the tourist office of Noirmoutier<\/a> which will welcome you and suggest a lot of activities, such as:<\/p>\n<ul>\n<li>A visit in a little train (which goes past the hotel Saint-Paul)<\/li>\n<li>A visit of the castle and the Jacobsen museum, with a wealth of old and historical maps of the island,<\/li>\n<li>Leisure activities with your family: such as shellfishes shore fishing, swimming pool, the Butterfly Island&#8230;<\/li>\n<li>Exhibitions, events and festivities<\/li>\n<\/ul>\n","protected":false},"excerpt":{"rendered":"<p>On the Atlantic seaboard, the island of Noirmoutier is unique. A flat land of 49 km2 and 25 km in length, it has maintained a link with the mainland, both via its famous Gois passage, and for over 50 years, the bridge. Its population and economy are diverse, with salt manufacturers, fishermen, oyster farmers, farmers [&hellip;]<\/p>\n","protected":false},"author":25,"featured_media":0,"parent":225,"menu_order":0,"comment_status":"closed","ping_status":"closed","template":"template-surroundings.php","meta":{"footnotes":""},"class_list":["post-228","page","type-page","status-publish","hentry"],"yoast_head":"<!-- This site is optimized with the Yoast SEO plugin v27.3 - https:\/\/yoast.com\/product\/yoast-seo-wordpress\/ -->\n<title>Activit\u00e9s et Tourisme \u00e0 Noirmoutier | H\u00f4tel Saint Paul<\/title>\n<meta name=\"description\" content=\"D\u00e9couvrez l&#039;h\u00f4tel Saint Paul \u00e0 Noirmoutier. Profitez du tourisme et des activit\u00e9s de la ville: plages, d\u00e9gustation d&#039;hu\u00eetres, Ile d&#039;yeu, Marais salants\u2026\" \/>\n<meta name=\"robots\" content=\"index, follow, max-snippet:-1, max-image-preview:large, max-video-preview:-1\" \/>\n<link rel=\"canonical\" href=\"https:\/\/www.hotel-saint-paul.net\/en\/situation\/activites-a-noirmoutier\/\" \/>\n<meta property=\"og:locale\" content=\"en_US\" \/>\n<meta property=\"og:type\" content=\"article\" \/>\n<meta property=\"og:title\" content=\"Activit\u00e9s et Tourisme \u00e0 Noirmoutier | H\u00f4tel Saint Paul\" \/>\n<meta property=\"og:description\" content=\"D\u00e9couvrez l&#039;h\u00f4tel Saint Paul \u00e0 Noirmoutier. Profitez du tourisme et des activit\u00e9s de la ville: plages, d\u00e9gustation d&#039;hu\u00eetres, Ile d&#039;yeu, Marais salants\u2026\" \/>\n<meta property=\"og:url\" content=\"https:\/\/www.hotel-saint-paul.net\/en\/situation\/activites-a-noirmoutier\/\" \/>\n<meta property=\"og:site_name\" content=\"Saint-Paul Noirmoutier\" \/>\n<meta property=\"article:modified_time\" content=\"2024-07-09T14:49:28+00:00\" \/>\n<meta name=\"twitter:card\" content=\"summary_large_image\" \/>\n<meta name=\"twitter:label1\" content=\"Est. reading time\" \/>\n\t<meta name=\"twitter:data1\" content=\"2 minutes\" \/>\n<script type=\"application\/ld+json\" class=\"yoast-schema-graph\">{\"@context\":\"https:\\\/\\\/schema.org\",\"@graph\":[{\"@type\":\"WebPage\",\"@id\":\"https:\\\/\\\/www.hotel-saint-paul.net\\\/en\\\/situation\\\/activites-a-noirmoutier\\\/\",\"url\":\"https:\\\/\\\/www.hotel-saint-paul.net\\\/en\\\/situation\\\/activites-a-noirmoutier\\\/\",\"name\":\"Activit\u00e9s et Tourisme \u00e0 Noirmoutier | H\u00f4tel Saint Paul\",\"isPartOf\":{\"@id\":\"https:\\\/\\\/www.hotel-saint-paul.net\\\/en\\\/#website\"},\"datePublished\":\"2024-03-20T14:33:53+00:00\",\"dateModified\":\"2024-07-09T14:49:28+00:00\",\"description\":\"D\u00e9couvrez l'h\u00f4tel Saint Paul \u00e0 Noirmoutier. Profitez du tourisme et des activit\u00e9s de la ville: plages, d\u00e9gustation d'hu\u00eetres, Ile d'yeu, Marais salants\u2026\",\"breadcrumb\":{\"@id\":\"https:\\\/\\\/www.hotel-saint-paul.net\\\/en\\\/situation\\\/activites-a-noirmoutier\\\/#breadcrumb\"},\"inLanguage\":\"en-US\",\"potentialAction\":[{\"@type\":\"ReadAction\",\"target\":[\"https:\\\/\\\/www.hotel-saint-paul.net\\\/en\\\/situation\\\/activites-a-noirmoutier\\\/\"]}]},{\"@type\":\"BreadcrumbList\",\"@id\":\"https:\\\/\\\/www.hotel-saint-paul.net\\\/en\\\/situation\\\/activites-a-noirmoutier\\\/#breadcrumb\",\"itemListElement\":[{\"@type\":\"ListItem\",\"position\":1,\"name\":\"Accueil\",\"item\":\"https:\\\/\\\/www.hotel-saint-paul.net\\\/en\\\/\"},{\"@type\":\"ListItem\",\"position\":2,\"name\":\"Situation\",\"item\":\"https:\\\/\\\/www.hotel-saint-paul.net\\\/en\\\/situation\\\/\"},{\"@type\":\"ListItem\",\"position\":3,\"name\":\"Activities in Noirmoutier\"}]},{\"@type\":\"WebSite\",\"@id\":\"https:\\\/\\\/www.hotel-saint-paul.net\\\/en\\\/#website\",\"url\":\"https:\\\/\\\/www.hotel-saint-paul.net\\\/en\\\/\",\"name\":\"Saint-Paul Noirmoutier\",\"description\":\"\",\"potentialAction\":[{\"@type\":\"SearchAction\",\"target\":{\"@type\":\"EntryPoint\",\"urlTemplate\":\"https:\\\/\\\/www.hotel-saint-paul.net\\\/en\\\/?s={search_term_string}\"},\"query-input\":{\"@type\":\"PropertyValueSpecification\",\"valueRequired\":true,\"valueName\":\"search_term_string\"}}],\"inLanguage\":\"en-US\"}]}<\/script>\n<!-- \/ Yoast SEO plugin. -->","yoast_head_json":{"title":"Activit\u00e9s et Tourisme \u00e0 Noirmoutier | H\u00f4tel Saint Paul","description":"D\u00e9couvrez l'h\u00f4tel Saint Paul \u00e0 Noirmoutier. Profitez du tourisme et des activit\u00e9s de la ville: plages, d\u00e9gustation d'hu\u00eetres, Ile d'yeu, Marais salants\u2026","robots":{"index":"index","follow":"follow","max-snippet":"max-snippet:-1","max-image-preview":"max-image-preview:large","max-video-preview":"max-video-preview:-1"},"canonical":"https:\/\/www.hotel-saint-paul.net\/en\/situation\/activites-a-noirmoutier\/","og_locale":"en_US","og_type":"article","og_title":"Activit\u00e9s et Tourisme \u00e0 Noirmoutier | H\u00f4tel Saint Paul","og_description":"D\u00e9couvrez l'h\u00f4tel Saint Paul \u00e0 Noirmoutier. Profitez du tourisme et des activit\u00e9s de la ville: plages, d\u00e9gustation d'hu\u00eetres, Ile d'yeu, Marais salants\u2026","og_url":"https:\/\/www.hotel-saint-paul.net\/en\/situation\/activites-a-noirmoutier\/","og_site_name":"Saint-Paul Noirmoutier","article_modified_time":"2024-07-09T14:49:28+00:00","twitter_card":"summary_large_image","twitter_misc":{"Est. reading time":"2 minutes"},"schema":{"@context":"https:\/\/schema.org","@graph":[{"@type":"WebPage","@id":"https:\/\/www.hotel-saint-paul.net\/en\/situation\/activites-a-noirmoutier\/","url":"https:\/\/www.hotel-saint-paul.net\/en\/situation\/activites-a-noirmoutier\/","name":"Activit\u00e9s et Tourisme \u00e0 Noirmoutier | H\u00f4tel Saint Paul","isPartOf":{"@id":"https:\/\/www.hotel-saint-paul.net\/en\/#website"},"datePublished":"2024-03-20T14:33:53+00:00","dateModified":"2024-07-09T14:49:28+00:00","description":"D\u00e9couvrez l'h\u00f4tel Saint Paul \u00e0 Noirmoutier. Profitez du tourisme et des activit\u00e9s de la ville: plages, d\u00e9gustation d'hu\u00eetres, Ile d'yeu, Marais salants\u2026","breadcrumb":{"@id":"https:\/\/www.hotel-saint-paul.net\/en\/situation\/activites-a-noirmoutier\/#breadcrumb"},"inLanguage":"en-US","potentialAction":[{"@type":"ReadAction","target":["https:\/\/www.hotel-saint-paul.net\/en\/situation\/activites-a-noirmoutier\/"]}]},{"@type":"BreadcrumbList","@id":"https:\/\/www.hotel-saint-paul.net\/en\/situation\/activites-a-noirmoutier\/#breadcrumb","itemListElement":[{"@type":"ListItem","position":1,"name":"Accueil","item":"https:\/\/www.hotel-saint-paul.net\/en\/"},{"@type":"ListItem","position":2,"name":"Situation","item":"https:\/\/www.hotel-saint-paul.net\/en\/situation\/"},{"@type":"ListItem","position":3,"name":"Activities in Noirmoutier"}]},{"@type":"WebSite","@id":"https:\/\/www.hotel-saint-paul.net\/en\/#website","url":"https:\/\/www.hotel-saint-paul.net\/en\/","name":"Saint-Paul Noirmoutier","description":"","potentialAction":[{"@type":"SearchAction","target":{"@type":"EntryPoint","urlTemplate":"https:\/\/www.hotel-saint-paul.net\/en\/?s={search_term_string}"},"query-input":{"@type":"PropertyValueSpecification","valueRequired":true,"valueName":"search_term_string"}}],"inLanguage":"en-US"}]}},"acf":[],"_links":{"self":[{"href":"https:\/\/www.hotel-saint-paul.net\/en\/wp-json\/wp\/v2\/pages\/228","targetHints":{"allow":["GET"]}}],"collection":[{"href":"https:\/\/www.hotel-saint-paul.net\/en\/wp-json\/wp\/v2\/pages"}],"about":[{"href":"https:\/\/www.hotel-saint-paul.net\/en\/wp-json\/wp\/v2\/types\/page"}],"author":[{"embeddable":true,"href":"https:\/\/www.hotel-saint-paul.net\/en\/wp-json\/wp\/v2\/users\/25"}],"replies":[{"embeddable":true,"href":"https:\/\/www.hotel-saint-paul.net\/en\/wp-json\/wp\/v2\/comments?post=228"}],"version-history":[{"count":0,"href":"https:\/\/www.hotel-saint-paul.net\/en\/wp-json\/wp\/v2\/pages\/228\/revisions"}],"up":[{"embeddable":true,"href":"https:\/\/www.hotel-saint-paul.net\/en\/wp-json\/wp\/v2\/pages\/225"}],"wp:attachment":[{"href":"https:\/\/www.hotel-saint-paul.net\/en\/wp-json\/wp\/v2\/media?parent=228"}],"curies":[{"name":"wp","href":"https:\/\/api.w.org\/{rel}","templated":true}]}}