{"id":244,"date":"2024-03-12T18:20:24","date_gmt":"2024-03-12T17:20:24","guid":{"rendered":"https:\/\/www.hotel-saint-paul.net\/mentions-legales\/"},"modified":"2024-07-09T17:12:13","modified_gmt":"2024-07-09T15:12:13","slug":"mentions-legales","status":"publish","type":"page","link":"https:\/\/www.hotel-saint-paul.net\/en\/mentions-legales\/","title":{"rendered":"Terms of Use"},"content":{"rendered":"<p><strong>Property and editorial responsibility<\/strong><br \/>\n<strong>Saint Paul Hotel<\/strong><br \/>\nSIRET : 32311591500023<br \/>\nRCS : La Roche-sur-Yon B 323 115 915<br \/>\nShare capital : 42.880,00 EURO<br \/>\nAPE : Hotels and similar accommodation 5510Z<br \/>\nIntracommunity VAT no.: FR82323115915<\/p>\n<p>15 avenue du Mar\u00e9chal Foch<br \/>\nQuartier du Bois de la Chaize<br \/>\n85330 Noirmoutier-en-l&#8217;Ile<\/p>\n<p>contact@hotel-saint-paul.net<br \/>\nwww.hotel-saint-paul.net<\/p>\n<p><strong>Site content<\/strong><br \/>\nOn the one hand, not all of the information on H\u00f4tel Saint Paul is presented on this site.<\/p>\n<p>Photographs are not contractually binding.<br \/>\nH\u00f4tel Saint Paul cannot be held responsible for any errors.<\/p>\n<p>The copyright for the photos reproduced here has fallen to H\u00f4tel Saint Paul and the photos may not be reproduced without the prior consent of H\u00f4tel Saint Paul.<\/p>\n<p><strong>Confidentiality<\/strong><br \/>\nThe information collected (personal information) is strictly reserved for the use of Hotel Saint Paul.<\/p>\n<p><strong>H\u00f4tel Saint Paul<\/strong> undertakes not to communicate, whether free of charge or in return for payment, the contact details and information collected in this way.<br \/>\nInformation transmitted via public networks may be accessible to third parties and H\u00f4tel Saint Paul cannot be held responsible for any disclosure.<\/p>\n<p>In accordance with the French Data Protection Act (Loi Informatique et Libert\u00e9s), the processing of personal data relating to Internet users has been declared to the French Data Protection Authority (Commission Nationale de l&#8217;Informatique et Libert\u00e9s), registration number currently in force.<\/p>\n<p>Under article 34 of the French Data Protection Act of January 6, 1978, you have the right to access, modify, rectify and delete any data concerning you.<\/p>\n<p>To exercise this right, please contact us at the address below:<\/p>\n<p><strong>H\u00f4tel Saint Paul<\/strong><br \/>\n15 avenue du Mar\u00e9chal Foch<br \/>\nQuartier du Bois de la Chaize<br \/>\n85330 Noirmoutier-en-l&#8217;Ile<\/p>\n<p>contact@hotel-saint-paul.net<br \/>\nwww.hotel-saint-paul.net<\/p>\n<p>Copyright<br \/>\nAny reproduction or distribution, in whole or in part, is subject to the authorization of the owners.<br \/>\nIn application of the law of March 11, 1957 (art. 41) and the intellectual property code of July 1, 1992, any partial or total reproduction for collective use is strictly forbidden without authorization from the company H\u00f4tel Saint Paul.<\/p>\n<p>The logos, visuals and brands on this site are the property of their respective owners. This site may, without its knowledge, have been linked to other sites via hypertext links. The publisher declines all responsibility for the information presented on these other sites. The Internet user acknowledges that use of this site is governed by French law.<\/p>\n","protected":false},"excerpt":{"rendered":"<p>Property and editorial responsibility Saint Paul Hotel SIRET : 32311591500023 RCS : La Roche-sur-Yon B 323 115 915 Share capital : 42.880,00 EURO APE : Hotels and similar accommodation 5510Z Intracommunity VAT no.: FR82323115915 15 avenue du Mar\u00e9chal Foch Quartier du Bois de la Chaize 85330 Noirmoutier-en-l&#8217;Ile contact@hotel-saint-paul.net www.hotel-saint-paul.net Site content On the one hand, [&hellip;]<\/p>\n","protected":false},"author":25,"featured_media":0,"parent":0,"menu_order":0,"comment_status":"closed","ping_status":"closed","template":"","meta":{"footnotes":""},"class_list":["post-244","page","type-page","status-publish","hentry"],"yoast_head":"<!-- This site is optimized with the Yoast SEO plugin v27.3 - https:\/\/yoast.com\/product\/yoast-seo-wordpress\/ -->\n<title>Mentions l\u00e9gales - H\u00f4tel de charme Noirmoutier| H\u00f4tel Saint Paul<\/title>\n<meta name=\"description\" content=\"Retrouvez ici les Mentions l\u00e9gales de l&#039;H\u00f4tel Saint Paul \u00e0 Noirmoutier en l&#039;Ile.\" \/>\n<meta name=\"robots\" content=\"index, follow, max-snippet:-1, max-image-preview:large, max-video-preview:-1\" \/>\n<link rel=\"canonical\" href=\"https:\/\/www.hotel-saint-paul.net\/en\/mentions-legales\/\" \/>\n<meta property=\"og:locale\" content=\"en_US\" \/>\n<meta property=\"og:type\" content=\"article\" \/>\n<meta property=\"og:title\" content=\"Mentions l\u00e9gales - H\u00f4tel de charme Noirmoutier| H\u00f4tel Saint Paul\" \/>\n<meta property=\"og:description\" content=\"Retrouvez ici les Mentions l\u00e9gales de l&#039;H\u00f4tel Saint Paul \u00e0 Noirmoutier en l&#039;Ile.\" \/>\n<meta property=\"og:url\" content=\"https:\/\/www.hotel-saint-paul.net\/en\/mentions-legales\/\" \/>\n<meta property=\"og:site_name\" content=\"Saint-Paul Noirmoutier\" \/>\n<meta property=\"article:modified_time\" content=\"2024-07-09T15:12:13+00:00\" \/>\n<meta name=\"twitter:card\" content=\"summary_large_image\" \/>\n<meta name=\"twitter:label1\" content=\"Est. reading time\" \/>\n\t<meta name=\"twitter:data1\" content=\"3 minutes\" \/>\n<script type=\"application\/ld+json\" class=\"yoast-schema-graph\">{\"@context\":\"https:\\\/\\\/schema.org\",\"@graph\":[{\"@type\":\"WebPage\",\"@id\":\"https:\\\/\\\/www.hotel-saint-paul.net\\\/en\\\/mentions-legales\\\/\",\"url\":\"https:\\\/\\\/www.hotel-saint-paul.net\\\/en\\\/mentions-legales\\\/\",\"name\":\"Mentions l\u00e9gales - H\u00f4tel de charme Noirmoutier| H\u00f4tel Saint Paul\",\"isPartOf\":{\"@id\":\"https:\\\/\\\/www.hotel-saint-paul.net\\\/en\\\/#website\"},\"datePublished\":\"2024-03-12T17:20:24+00:00\",\"dateModified\":\"2024-07-09T15:12:13+00:00\",\"description\":\"Retrouvez ici les Mentions l\u00e9gales de l'H\u00f4tel Saint Paul \u00e0 Noirmoutier en l'Ile.\",\"breadcrumb\":{\"@id\":\"https:\\\/\\\/www.hotel-saint-paul.net\\\/en\\\/mentions-legales\\\/#breadcrumb\"},\"inLanguage\":\"en-US\",\"potentialAction\":[{\"@type\":\"ReadAction\",\"target\":[\"https:\\\/\\\/www.hotel-saint-paul.net\\\/en\\\/mentions-legales\\\/\"]}]},{\"@type\":\"BreadcrumbList\",\"@id\":\"https:\\\/\\\/www.hotel-saint-paul.net\\\/en\\\/mentions-legales\\\/#breadcrumb\",\"itemListElement\":[{\"@type\":\"ListItem\",\"position\":1,\"name\":\"Accueil\",\"item\":\"https:\\\/\\\/www.hotel-saint-paul.net\\\/en\\\/\"},{\"@type\":\"ListItem\",\"position\":2,\"name\":\"Terms of Use\"}]},{\"@type\":\"WebSite\",\"@id\":\"https:\\\/\\\/www.hotel-saint-paul.net\\\/en\\\/#website\",\"url\":\"https:\\\/\\\/www.hotel-saint-paul.net\\\/en\\\/\",\"name\":\"Saint-Paul Noirmoutier\",\"description\":\"\",\"potentialAction\":[{\"@type\":\"SearchAction\",\"target\":{\"@type\":\"EntryPoint\",\"urlTemplate\":\"https:\\\/\\\/www.hotel-saint-paul.net\\\/en\\\/?s={search_term_string}\"},\"query-input\":{\"@type\":\"PropertyValueSpecification\",\"valueRequired\":true,\"valueName\":\"search_term_string\"}}],\"inLanguage\":\"en-US\"}]}<\/script>\n<!-- \/ Yoast SEO plugin. -->","yoast_head_json":{"title":"Mentions l\u00e9gales - H\u00f4tel de charme Noirmoutier| H\u00f4tel Saint Paul","description":"Retrouvez ici les Mentions l\u00e9gales de l'H\u00f4tel Saint Paul \u00e0 Noirmoutier en l'Ile.","robots":{"index":"index","follow":"follow","max-snippet":"max-snippet:-1","max-image-preview":"max-image-preview:large","max-video-preview":"max-video-preview:-1"},"canonical":"https:\/\/www.hotel-saint-paul.net\/en\/mentions-legales\/","og_locale":"en_US","og_type":"article","og_title":"Mentions l\u00e9gales - H\u00f4tel de charme Noirmoutier| H\u00f4tel Saint Paul","og_description":"Retrouvez ici les Mentions l\u00e9gales de l'H\u00f4tel Saint Paul \u00e0 Noirmoutier en l'Ile.","og_url":"https:\/\/www.hotel-saint-paul.net\/en\/mentions-legales\/","og_site_name":"Saint-Paul Noirmoutier","article_modified_time":"2024-07-09T15:12:13+00:00","twitter_card":"summary_large_image","twitter_misc":{"Est. reading time":"3 minutes"},"schema":{"@context":"https:\/\/schema.org","@graph":[{"@type":"WebPage","@id":"https:\/\/www.hotel-saint-paul.net\/en\/mentions-legales\/","url":"https:\/\/www.hotel-saint-paul.net\/en\/mentions-legales\/","name":"Mentions l\u00e9gales - H\u00f4tel de charme Noirmoutier| H\u00f4tel Saint Paul","isPartOf":{"@id":"https:\/\/www.hotel-saint-paul.net\/en\/#website"},"datePublished":"2024-03-12T17:20:24+00:00","dateModified":"2024-07-09T15:12:13+00:00","description":"Retrouvez ici les Mentions l\u00e9gales de l'H\u00f4tel Saint Paul \u00e0 Noirmoutier en l'Ile.","breadcrumb":{"@id":"https:\/\/www.hotel-saint-paul.net\/en\/mentions-legales\/#breadcrumb"},"inLanguage":"en-US","potentialAction":[{"@type":"ReadAction","target":["https:\/\/www.hotel-saint-paul.net\/en\/mentions-legales\/"]}]},{"@type":"BreadcrumbList","@id":"https:\/\/www.hotel-saint-paul.net\/en\/mentions-legales\/#breadcrumb","itemListElement":[{"@type":"ListItem","position":1,"name":"Accueil","item":"https:\/\/www.hotel-saint-paul.net\/en\/"},{"@type":"ListItem","position":2,"name":"Terms of Use"}]},{"@type":"WebSite","@id":"https:\/\/www.hotel-saint-paul.net\/en\/#website","url":"https:\/\/www.hotel-saint-paul.net\/en\/","name":"Saint-Paul Noirmoutier","description":"","potentialAction":[{"@type":"SearchAction","target":{"@type":"EntryPoint","urlTemplate":"https:\/\/www.hotel-saint-paul.net\/en\/?s={search_term_string}"},"query-input":{"@type":"PropertyValueSpecification","valueRequired":true,"valueName":"search_term_string"}}],"inLanguage":"en-US"}]}},"acf":[],"_links":{"self":[{"href":"https:\/\/www.hotel-saint-paul.net\/en\/wp-json\/wp\/v2\/pages\/244","targetHints":{"allow":["GET"]}}],"collection":[{"href":"https:\/\/www.hotel-saint-paul.net\/en\/wp-json\/wp\/v2\/pages"}],"about":[{"href":"https:\/\/www.hotel-saint-paul.net\/en\/wp-json\/wp\/v2\/types\/page"}],"author":[{"embeddable":true,"href":"https:\/\/www.hotel-saint-paul.net\/en\/wp-json\/wp\/v2\/users\/25"}],"replies":[{"embeddable":true,"href":"https:\/\/www.hotel-saint-paul.net\/en\/wp-json\/wp\/v2\/comments?post=244"}],"version-history":[{"count":0,"href":"https:\/\/www.hotel-saint-paul.net\/en\/wp-json\/wp\/v2\/pages\/244\/revisions"}],"wp:attachment":[{"href":"https:\/\/www.hotel-saint-paul.net\/en\/wp-json\/wp\/v2\/media?parent=244"}],"curies":[{"name":"wp","href":"https:\/\/api.w.org\/{rel}","templated":true}]}}