{"id":251,"date":"2024-03-12T18:20:51","date_gmt":"2024-03-12T17:20:51","guid":{"rendered":"https:\/\/www.hotel-saint-paul.net\/plan-du-site\/"},"modified":"2024-07-09T17:33:51","modified_gmt":"2024-07-09T15:33:51","slug":"plan-du-site","status":"publish","type":"page","link":"https:\/\/www.hotel-saint-paul.net\/en\/plan-du-site\/","title":{"rendered":"Sitemap"},"content":{"rendered":"","protected":false},"excerpt":{"rendered":"","protected":false},"author":25,"featured_media":0,"parent":0,"menu_order":0,"comment_status":"closed","ping_status":"closed","template":"template-sitemap.php","meta":{"footnotes":""},"yoast_head":"<!-- This site is optimized with the Yoast SEO plugin v22.3 - https:\/\/yoast.com\/wordpress\/plugins\/seo\/ -->\n<title>Plan du site- H\u00f4tel de charme Noirmoutier | H\u00f4tel Saint Paul<\/title>\n<meta name=\"description\" content=\"Retrouvez ici le plan du site de l&#039;H\u00f4tel Saint Paul \u00e0 Noirmoutier en l&#039;Ile.\" \/>\n<meta name=\"robots\" content=\"index, follow, max-snippet:-1, max-image-preview:large, max-video-preview:-1\" \/>\n<link rel=\"canonical\" href=\"https:\/\/www.hotel-saint-paul.net\/en\/plan-du-site\/\" \/>\n<meta property=\"og:locale\" content=\"en_US\" \/>\n<meta property=\"og:type\" content=\"article\" \/>\n<meta property=\"og:title\" content=\"Plan du site- H\u00f4tel de charme Noirmoutier | H\u00f4tel Saint Paul\" \/>\n<meta property=\"og:description\" content=\"Retrouvez ici le plan du site de l&#039;H\u00f4tel Saint Paul \u00e0 Noirmoutier en l&#039;Ile.\" \/>\n<meta property=\"og:url\" content=\"https:\/\/www.hotel-saint-paul.net\/en\/plan-du-site\/\" \/>\n<meta property=\"og:site_name\" content=\"Saint-Paul Noirmoutier\" \/>\n<meta property=\"article:modified_time\" content=\"2024-07-09T15:33:51+00:00\" \/>\n<meta name=\"twitter:card\" content=\"summary_large_image\" \/>\n<script type=\"application\/ld+json\" class=\"yoast-schema-graph\">{\"@context\":\"https:\/\/schema.org\",\"@graph\":[{\"@type\":\"WebPage\",\"@id\":\"https:\/\/www.hotel-saint-paul.net\/en\/plan-du-site\/\",\"url\":\"https:\/\/www.hotel-saint-paul.net\/en\/plan-du-site\/\",\"name\":\"Plan du site- H\u00f4tel de charme Noirmoutier | H\u00f4tel Saint Paul\",\"isPartOf\":{\"@id\":\"https:\/\/www.hotel-saint-paul.net\/en\/#website\"},\"datePublished\":\"2024-03-12T17:20:51+00:00\",\"dateModified\":\"2024-07-09T15:33:51+00:00\",\"description\":\"Retrouvez ici le plan du site de l'H\u00f4tel Saint Paul \u00e0 Noirmoutier en l'Ile.\",\"breadcrumb\":{\"@id\":\"https:\/\/www.hotel-saint-paul.net\/en\/plan-du-site\/#breadcrumb\"},\"inLanguage\":\"en-US\",\"potentialAction\":[{\"@type\":\"ReadAction\",\"target\":[\"https:\/\/www.hotel-saint-paul.net\/en\/plan-du-site\/\"]}]},{\"@type\":\"BreadcrumbList\",\"@id\":\"https:\/\/www.hotel-saint-paul.net\/en\/plan-du-site\/#breadcrumb\",\"itemListElement\":[{\"@type\":\"ListItem\",\"position\":1,\"name\":\"Accueil\",\"item\":\"https:\/\/www.hotel-saint-paul.net\/en\/\"},{\"@type\":\"ListItem\",\"position\":2,\"name\":\"Sitemap\"}]},{\"@type\":\"WebSite\",\"@id\":\"https:\/\/www.hotel-saint-paul.net\/en\/#website\",\"url\":\"https:\/\/www.hotel-saint-paul.net\/en\/\",\"name\":\"Saint-Paul Noirmoutier\",\"description\":\"\",\"potentialAction\":[{\"@type\":\"SearchAction\",\"target\":{\"@type\":\"EntryPoint\",\"urlTemplate\":\"https:\/\/www.hotel-saint-paul.net\/en\/?s={search_term_string}\"},\"query-input\":\"required name=search_term_string\"}],\"inLanguage\":\"en-US\"}]}<\/script>\n<!-- \/ Yoast SEO plugin. -->","yoast_head_json":{"title":"Plan du site- H\u00f4tel de charme Noirmoutier | H\u00f4tel Saint Paul","description":"Retrouvez ici le plan du site de l'H\u00f4tel Saint Paul \u00e0 Noirmoutier en l'Ile.","robots":{"index":"index","follow":"follow","max-snippet":"max-snippet:-1","max-image-preview":"max-image-preview:large","max-video-preview":"max-video-preview:-1"},"canonical":"https:\/\/www.hotel-saint-paul.net\/en\/plan-du-site\/","og_locale":"en_US","og_type":"article","og_title":"Plan du site- H\u00f4tel de charme Noirmoutier | H\u00f4tel Saint Paul","og_description":"Retrouvez ici le plan du site de l'H\u00f4tel Saint Paul \u00e0 Noirmoutier en l'Ile.","og_url":"https:\/\/www.hotel-saint-paul.net\/en\/plan-du-site\/","og_site_name":"Saint-Paul Noirmoutier","article_modified_time":"2024-07-09T15:33:51+00:00","twitter_card":"summary_large_image","schema":{"@context":"https:\/\/schema.org","@graph":[{"@type":"WebPage","@id":"https:\/\/www.hotel-saint-paul.net\/en\/plan-du-site\/","url":"https:\/\/www.hotel-saint-paul.net\/en\/plan-du-site\/","name":"Plan du site- H\u00f4tel de charme Noirmoutier | H\u00f4tel Saint Paul","isPartOf":{"@id":"https:\/\/www.hotel-saint-paul.net\/en\/#website"},"datePublished":"2024-03-12T17:20:51+00:00","dateModified":"2024-07-09T15:33:51+00:00","description":"Retrouvez ici le plan du site de l'H\u00f4tel Saint Paul \u00e0 Noirmoutier en l'Ile.","breadcrumb":{"@id":"https:\/\/www.hotel-saint-paul.net\/en\/plan-du-site\/#breadcrumb"},"inLanguage":"en-US","potentialAction":[{"@type":"ReadAction","target":["https:\/\/www.hotel-saint-paul.net\/en\/plan-du-site\/"]}]},{"@type":"BreadcrumbList","@id":"https:\/\/www.hotel-saint-paul.net\/en\/plan-du-site\/#breadcrumb","itemListElement":[{"@type":"ListItem","position":1,"name":"Accueil","item":"https:\/\/www.hotel-saint-paul.net\/en\/"},{"@type":"ListItem","position":2,"name":"Sitemap"}]},{"@type":"WebSite","@id":"https:\/\/www.hotel-saint-paul.net\/en\/#website","url":"https:\/\/www.hotel-saint-paul.net\/en\/","name":"Saint-Paul Noirmoutier","description":"","potentialAction":[{"@type":"SearchAction","target":{"@type":"EntryPoint","urlTemplate":"https:\/\/www.hotel-saint-paul.net\/en\/?s={search_term_string}"},"query-input":"required name=search_term_string"}],"inLanguage":"en-US"}]}},"acf":[],"_links":{"self":[{"href":"https:\/\/www.hotel-saint-paul.net\/en\/wp-json\/wp\/v2\/pages\/251"}],"collection":[{"href":"https:\/\/www.hotel-saint-paul.net\/en\/wp-json\/wp\/v2\/pages"}],"about":[{"href":"https:\/\/www.hotel-saint-paul.net\/en\/wp-json\/wp\/v2\/types\/page"}],"author":[{"embeddable":true,"href":"https:\/\/www.hotel-saint-paul.net\/en\/wp-json\/wp\/v2\/users\/25"}],"replies":[{"embeddable":true,"href":"https:\/\/www.hotel-saint-paul.net\/en\/wp-json\/wp\/v2\/comments?post=251"}],"version-history":[{"count":0,"href":"https:\/\/www.hotel-saint-paul.net\/en\/wp-json\/wp\/v2\/pages\/251\/revisions"}],"wp:attachment":[{"href":"https:\/\/www.hotel-saint-paul.net\/en\/wp-json\/wp\/v2\/media?parent=251"}],"curies":[{"name":"wp","href":"https:\/\/api.w.org\/{rel}","templated":true}]}}